{"id":105,"date":"2021-12-29T19:50:50","date_gmt":"2021-12-29T18:50:50","guid":{"rendered":"https:\/\/www.petanque-dachau.de\/?page_id=105"},"modified":"2022-10-25T12:14:46","modified_gmt":"2022-10-25T10:14:46","slug":"philosophie-petanque-und-boule","status":"publish","type":"page","link":"https:\/\/www.petanque-dachau.de\/?page_id=105","title":{"rendered":"Philosophie"},"content":{"rendered":"\n<h2 class=\"wp-block-heading\">Unsere Philosophie beim P\u00e9tanque<\/h2>\n\n\n\n<p>Wenn unsere Mannschaften um Punkte spielen wird es manchmal etwas ernster, nat\u00fcrlich nur weil der Gegner alles so ernst nimmt.  <\/p>\n\n\n\n<p>Ansonsten halten wir es mit dem ersten Teil des Artikels von Max Scharnigg<\/p>\n\n\n\n<p class=\"has-text-align-center has-huge-font-size\"><strong>Ruhige Kugel<\/strong><\/p>\n\n\n\n<div class=\"wp-block-columns is-layout-flex wp-container-core-columns-is-layout-9d6595d7 wp-block-columns-is-layout-flex\">\n<div class=\"wp-block-column is-layout-flow wp-block-column-is-layout-flow\">\n<p>F\u00fcr das Boule spielen gilt das Gleiche wie f\u00fcrs Eisstockschie\u00dfen. Es ist eine Besch\u00e4ftigung, die dem Weintrinken oder Flanieren viel n\u00e4her verwandt ist als einem Sport. Ein Vorwand also, um bei sch\u00f6nem Wetter zum Plaudern und erweiterten Nichtstun zusammenzukommen und gemeinsam die Zeit zu vergessen, trotz Uhr am Arm. Dagegen ist nichts einzuwenden, im Gegenteil, vermutlich ist so was in der Art sogar der Sinn des Lebens. Nur komisch, dass es sowohl auf Eis als auch auf Kies immer mindestens einen in der Runde gibt, der die<\/p>\n<\/div>\n\n\n\n<div class=\"wp-block-column is-layout-flow wp-block-column-is-layout-flow\">\n<p>Sache irgendwie in den falschen Hals bekommen hat. Der auf die \u00fcberkorrekte Abwicklung pocht, sein Spielger\u00e4t zu Hause optimiert hat, die Punkte noch mal nachz\u00e4hlen oder einen Verein gr\u00fcnden m\u00f6chte. Aber wer etwas Leichtes wie Boule zu einer ernsten Sache mit Profi-Charakter macht, beweist nur, dass er das Spiel eigentlich nicht verstanden hat. Es ist wie Fachsimpelei \u00fcber Portwein oder das Fotografieren von Feuerwerk \u2013 man bringt sich vor lauter Hingabe selbst um den Genuss.&nbsp;&nbsp;&nbsp;&nbsp;&nbsp;&nbsp;&nbsp;&nbsp;&nbsp;&nbsp;&nbsp;&nbsp;&nbsp;&nbsp;&nbsp;&nbsp;&nbsp;&nbsp;&nbsp;&nbsp;                                     MAX SCHARNIGG<\/p>\n<\/div>\n<\/div>\n\n\n\n<p style=\"font-size:10px\">Quelle: https:\/\/sz-magazin.sueddeutsche.de\/kosmos\/freizeit-ehrgeiz-89683<\/p>\n","protected":false},"excerpt":{"rendered":"<p>Unsere Philosophie beim P\u00e9tanque Wenn unsere Mannschaften um Punkte spielen wird es manchmal etwas ernster, nat\u00fcrlich nur weil der Gegner alles so ernst nimmt. Ansonsten halten wir es mit dem ersten Teil des Artikels von Max Scharnigg Ruhige Kugel F\u00fcr das Boule spielen gilt das Gleiche wie f\u00fcrs Eisstockschie\u00dfen. Es ist eine Besch\u00e4ftigung, die dem &hellip;<\/p>\n","protected":false},"author":1,"featured_media":0,"parent":61,"menu_order":2,"comment_status":"closed","ping_status":"closed","template":"","meta":{"footnotes":""},"class_list":["post-105","page","type-page","status-publish","hentry"],"_links":{"self":[{"href":"https:\/\/www.petanque-dachau.de\/index.php?rest_route=\/wp\/v2\/pages\/105","targetHints":{"allow":["GET"]}}],"collection":[{"href":"https:\/\/www.petanque-dachau.de\/index.php?rest_route=\/wp\/v2\/pages"}],"about":[{"href":"https:\/\/www.petanque-dachau.de\/index.php?rest_route=\/wp\/v2\/types\/page"}],"author":[{"embeddable":true,"href":"https:\/\/www.petanque-dachau.de\/index.php?rest_route=\/wp\/v2\/users\/1"}],"replies":[{"embeddable":true,"href":"https:\/\/www.petanque-dachau.de\/index.php?rest_route=%2Fwp%2Fv2%2Fcomments&post=105"}],"version-history":[{"count":11,"href":"https:\/\/www.petanque-dachau.de\/index.php?rest_route=\/wp\/v2\/pages\/105\/revisions"}],"predecessor-version":[{"id":271,"href":"https:\/\/www.petanque-dachau.de\/index.php?rest_route=\/wp\/v2\/pages\/105\/revisions\/271"}],"up":[{"embeddable":true,"href":"https:\/\/www.petanque-dachau.de\/index.php?rest_route=\/wp\/v2\/pages\/61"}],"wp:attachment":[{"href":"https:\/\/www.petanque-dachau.de\/index.php?rest_route=%2Fwp%2Fv2%2Fmedia&parent=105"}],"curies":[{"name":"wp","href":"https:\/\/api.w.org\/{rel}","templated":true}]}}