{"id":109,"date":"2021-12-29T19:50:18","date_gmt":"2021-12-29T18:50:18","guid":{"rendered":"https:\/\/www.petanque-dachau.de\/?page_id=109"},"modified":"2022-01-08T19:36:46","modified_gmt":"2022-01-08T18:36:46","slug":"sgpd-datenschutz","status":"publish","type":"page","link":"https:\/\/www.petanque-dachau.de\/?page_id=109","title":{"rendered":"Datenschutz"},"content":{"rendered":"\n<h1 class=\"wp-block-heading\"><strong>Datenschutzerkl\u00e4rung<\/strong><\/h1>\n\n\n\n<pre class=\"wp-block-preformatted has-white-background-color has-background\">Die Nutzung dieser Website ist ohne Registrierung und der Angabe personenbezogener Daten m\u00f6glich. Der Betreiber dieser Website nimmt den Datenschutz sehr ernst und behandelt personenbezogenen Daten vertraulich und entsprechend der gesetzlichen Vorschriften. Ein absoluter Schutz gegen Fremdzugriffe ist im Internet nicht realisierbar. \nDer Betreiber selbst erhebt keinerlei personenbezogene Daten. Vom Betreiber unabh\u00e4ngig erfasst der Provider bestimmte nachstehend aufgef\u00fchrte Daten.\n\n<strong>Serverdaten<\/strong>\nVom Webspace-Provider werden aus technischen Gr\u00fcnden Daten erfasst, die der Internet-Browser des Nutzers \u00fcbermittelt. Es handelt sich dabei konkret um folgende Daten:\nDatum und Uhrzeit des Zugriffs, URL der verweisenden Webseite, abgerufene Datei, Menge der gesendeten Daten, Browsertyp und \u2013version, Betriebssystem, IP-Adresse.\nDiese Daten werden anonym gespeichert und lassen so keine R\u00fcckschl\u00fcsse auf eine bestimmte Person zu. Sie werden zu statistischen Zwecken ausgewertet. \n\n<strong>Kontaktm\u00f6glichkeit<\/strong>\nWir bieten den Nutzern dieser Website die M\u00f6glichkeit, mit uns per E-Mail und\/oder telefonisch in Verbindung zu treten. In diesem Fall werden die mit der E-Mail \u00fcbermittelten personenbezogenen Daten des Nutzers gespeichert. Es erfolgt keine Weitergabe der Daten an Dritte. Die Daten werden ausschlie\u00dflich f\u00fcr die Verarbeitung der Konversation verwendet und gel\u00f6scht, sobald sie f\u00fcr die Erreichung des Zweckes ihrer Erhebung nicht mehr erforderlich sind. Beendet ist die Konversation dann, wenn sich aus den Umst\u00e4nden entnehmen l\u00e4sst, dass der betroffene Sachverhalt abschlie\u00dfend gekl\u00e4rt ist. Nimmt der Nutzer per E-Mail Kontakt mit uns auf, so kann er der Speicherung seiner personenbezogenen Daten jederzeit widersprechen. In einem solchen Fall kann die Konversation nicht fortgef\u00fchrt werden.\n\n<strong>Datenverarbeitung f\u00fcr diese Website<\/strong>\nDer Betreiber dieser Website selbst speichert keine Nutzerdaten. Es werden keine Cookies verwendet. Es wird kein Newsletter angeboten, es gibt kein Kontaktformular und keine Kommentarfunktion. Die Website verwendet keine Werbeeinblendungen. Es werden keine Analysedienste verwendet.\n\n<strong>Links zu anderen Websites<\/strong>\nDiese Website enth\u00e4lt Links zu Internet-Seiten anderer Betreiber (Dritte). Wir sind als Betreiber nicht verantwortlich f\u00fcr die Datenschutzvorkehrungen auf externen Webseiten, die Nutzer \u00fcber diese Links erreichen k\u00f6nnen. Bitte informieren Sie sich dort \u00fcber den Datenschutz dieser externen Webseiten.\n\n<strong>Rechte der Nutzer<\/strong>\nWir erheben keine Daten. Diese Website dient ausschlie\u00dflich Ihrer Information. Dennoch haben Nutzer dieser Website das Recht auf kostenlose Auskunft \u00fcber personenbezogene und gespeicherten Daten, sofern sie uns als Betreiber bekannt und zug\u00e4nglich sind. Nutzer haben ein Recht auf Berichtigung falscher Daten oder L\u00f6schung der personenbezogenen Daten, die nicht Teil der Serverlogfiles und so keinen bestimmten Personen zuzuordnen sind.\n\n<\/pre>\n","protected":false},"excerpt":{"rendered":"<p>Datenschutzerkl\u00e4rung Die Nutzung dieser Website ist ohne Registrierung und der Angabe personenbezogener Daten m\u00f6glich. Der Betreiber dieser Website nimmt den Datenschutz sehr ernst und behandelt personenbezogenen Daten vertraulich und entsprechend der gesetzlichen Vorschriften. Ein absoluter Schutz gegen Fremdzugriffe ist im Internet nicht realisierbar. Der Betreiber selbst erhebt keinerlei personenbezogene Daten. Vom Betreiber unabh\u00e4ngig erfasst der &hellip;<\/p>\n","protected":false},"author":1,"featured_media":0,"parent":61,"menu_order":0,"comment_status":"closed","ping_status":"closed","template":"","meta":{"footnotes":""},"class_list":["post-109","page","type-page","status-publish","hentry"],"_links":{"self":[{"href":"https:\/\/www.petanque-dachau.de\/index.php?rest_route=\/wp\/v2\/pages\/109","targetHints":{"allow":["GET"]}}],"collection":[{"href":"https:\/\/www.petanque-dachau.de\/index.php?rest_route=\/wp\/v2\/pages"}],"about":[{"href":"https:\/\/www.petanque-dachau.de\/index.php?rest_route=\/wp\/v2\/types\/page"}],"author":[{"embeddable":true,"href":"https:\/\/www.petanque-dachau.de\/index.php?rest_route=\/wp\/v2\/users\/1"}],"replies":[{"embeddable":true,"href":"https:\/\/www.petanque-dachau.de\/index.php?rest_route=%2Fwp%2Fv2%2Fcomments&post=109"}],"version-history":[{"count":3,"href":"https:\/\/www.petanque-dachau.de\/index.php?rest_route=\/wp\/v2\/pages\/109\/revisions"}],"predecessor-version":[{"id":202,"href":"https:\/\/www.petanque-dachau.de\/index.php?rest_route=\/wp\/v2\/pages\/109\/revisions\/202"}],"up":[{"embeddable":true,"href":"https:\/\/www.petanque-dachau.de\/index.php?rest_route=\/wp\/v2\/pages\/61"}],"wp:attachment":[{"href":"https:\/\/www.petanque-dachau.de\/index.php?rest_route=%2Fwp%2Fv2%2Fmedia&parent=109"}],"curies":[{"name":"wp","href":"https:\/\/api.w.org\/{rel}","templated":true}]}}