{"id":231,"date":"2022-01-24T21:11:20","date_gmt":"2022-01-24T20:11:20","guid":{"rendered":"https:\/\/www.petanque-dachau.de\/?page_id=231"},"modified":"2024-10-17T22:02:57","modified_gmt":"2024-10-17T20:02:57","slug":"sgpd-impressum-2","status":"publish","type":"page","link":"https:\/\/www.petanque-dachau.de\/?page_id=231","title":{"rendered":"Links"},"content":{"rendered":"\n<h2 class=\"wp-block-heading\"><strong>N\u00fctzliche Links<\/strong><\/h2>\n\n\n\n<p><strong>Hier sind einige n\u00fctzliche Links zu anderen Seiten. F\u00fcr den Inhalt der verlinkten Seiten sind diese Seiten verantwortlich.<\/strong><\/p>\n\n\n\n<p><strong>Auch beim Boule und P\u00e9tanque gibt es Regeln. Wer es ganz genau wissen will kann hier die Bouleregeln nachschlagen<\/strong><\/p>\n\n\n\n<p><a href=\"https:\/\/deutscher-petanque-verband.de\/dpv-sr-regeln\/\" target=\"_blank\" rel=\"noreferrer noopener\">https:\/\/deutscher-petanque-verband.de\/dpv-sr-regeln-stand-27-02-2021\/<\/a><\/p>\n\n\n\n<div style=\"height:41px\" aria-hidden=\"true\" class=\"wp-block-spacer\"><\/div>\n\n\n\n<p><strong>F\u00fcr Anf\u00e4nger sind die Tipps des Deutschen Petanque Verbandes hilfreich<\/strong><\/p>\n\n\n\n<p><a href=\"https:\/\/www.boule-praxis.de\/\" target=\"_blank\" rel=\"noopener\">https:\/\/www.boule-praxis.de\/<\/a><strong> <\/strong><\/p>\n\n\n\n<div style=\"height:49px\" aria-hidden=\"true\" class=\"wp-block-spacer\"><\/div>\n\n\n\n<p><strong>Hier geht&#8217;s zum Bayrischen und Deutschen P\u00e9tanqueverband<\/strong>    <\/p>\n\n\n\n<p><a href=\"https:\/\/www.petanque-bayern.de\/\" target=\"_blank\" rel=\"noreferrer noopener\">https:\/\/www.petanque-bayern.de\/<\/a><\/p>\n\n\n\n<p><a href=\"https:\/\/deutscher-petanque-verband.de\/\" target=\"_blank\" rel=\"noreferrer noopener\">https:\/\/deutscher-petanque-verband.de\/<\/a><\/p>\n\n\n\n<p> <\/p>\n","protected":false},"excerpt":{"rendered":"<p>N\u00fctzliche Links Hier sind einige n\u00fctzliche Links zu anderen Seiten. F\u00fcr den Inhalt der verlinkten Seiten sind diese Seiten verantwortlich. Auch beim Boule und P\u00e9tanque gibt es Regeln. Wer es ganz genau wissen will kann hier die Bouleregeln nachschlagen https:\/\/deutscher-petanque-verband.de\/dpv-sr-regeln-stand-27-02-2021\/ F\u00fcr Anf\u00e4nger sind die Tipps des Deutschen Petanque Verbandes hilfreich https:\/\/www.boule-praxis.de\/ Hier geht&#8217;s zum Bayrischen &hellip;<\/p>\n","protected":false},"author":1,"featured_media":0,"parent":61,"menu_order":4,"comment_status":"closed","ping_status":"closed","template":"","meta":{"footnotes":""},"class_list":["post-231","page","type-page","status-publish","hentry"],"_links":{"self":[{"href":"https:\/\/www.petanque-dachau.de\/index.php?rest_route=\/wp\/v2\/pages\/231","targetHints":{"allow":["GET"]}}],"collection":[{"href":"https:\/\/www.petanque-dachau.de\/index.php?rest_route=\/wp\/v2\/pages"}],"about":[{"href":"https:\/\/www.petanque-dachau.de\/index.php?rest_route=\/wp\/v2\/types\/page"}],"author":[{"embeddable":true,"href":"https:\/\/www.petanque-dachau.de\/index.php?rest_route=\/wp\/v2\/users\/1"}],"replies":[{"embeddable":true,"href":"https:\/\/www.petanque-dachau.de\/index.php?rest_route=%2Fwp%2Fv2%2Fcomments&post=231"}],"version-history":[{"count":8,"href":"https:\/\/www.petanque-dachau.de\/index.php?rest_route=\/wp\/v2\/pages\/231\/revisions"}],"predecessor-version":[{"id":353,"href":"https:\/\/www.petanque-dachau.de\/index.php?rest_route=\/wp\/v2\/pages\/231\/revisions\/353"}],"up":[{"embeddable":true,"href":"https:\/\/www.petanque-dachau.de\/index.php?rest_route=\/wp\/v2\/pages\/61"}],"wp:attachment":[{"href":"https:\/\/www.petanque-dachau.de\/index.php?rest_route=%2Fwp%2Fv2%2Fmedia&parent=231"}],"curies":[{"name":"wp","href":"https:\/\/api.w.org\/{rel}","templated":true}]}}