{"id":61,"date":"2021-12-29T19:49:52","date_gmt":"2021-12-29T18:49:52","guid":{"rendered":"https:\/\/www.petanque-dachau.de\/?page_id=61"},"modified":"2026-03-17T22:09:35","modified_gmt":"2026-03-17T21:09:35","slug":"startseite-boule-petanque-dachau-bayern","status":"publish","type":"page","link":"https:\/\/www.petanque-dachau.de\/","title":{"rendered":"Startseite"},"content":{"rendered":"\n<figure class=\"wp-block-image alignfull size-large\"><img loading=\"lazy\" decoding=\"async\" width=\"1024\" height=\"219\" src=\"https:\/\/www.petanque-dachau.de\/wp-content\/uploads\/2021\/12\/Titel1c-1024x219.jpg\" alt=\"Boule Petanque in Dachau Bayern Deutschland\" class=\"wp-image-145\" srcset=\"https:\/\/www.petanque-dachau.de\/wp-content\/uploads\/2021\/12\/Titel1c-1024x219.jpg 1024w, https:\/\/www.petanque-dachau.de\/wp-content\/uploads\/2021\/12\/Titel1c-300x64.jpg 300w, https:\/\/www.petanque-dachau.de\/wp-content\/uploads\/2021\/12\/Titel1c-768x164.jpg 768w, https:\/\/www.petanque-dachau.de\/wp-content\/uploads\/2021\/12\/Titel1c-1536x328.jpg 1536w, https:\/\/www.petanque-dachau.de\/wp-content\/uploads\/2021\/12\/Titel1c.jpg 1873w\" sizes=\"auto, (max-width: 1024px) 100vw, 1024px\" \/><\/figure>\n\n\n\n<div style=\"height:20px\" aria-hidden=\"true\" class=\"wp-block-spacer\"><\/div>\n\n\n\n<h1 class=\"wp-block-heading alignfull has-text-align-center\">Liebe Boule und P\u00e9tanque Freunde \u2013 Willkommen auf unserer Seite<\/h1>\n\n\n\n<div style=\"height:11px\" aria-hidden=\"true\" class=\"wp-block-spacer\"><\/div>\n\n\n\n<div class=\"wp-block-media-text alignwide has-media-on-the-right is-stacked-on-mobile is-image-fill-element\" style=\"grid-template-columns:auto 42%\"><div class=\"wp-block-media-text__content\">\n<p>Die Spielgemeinschaft P\u00e9tanque in Dachau wurde im Jahr 2020 gegr\u00fcndet. Die Mitglieder sind Boule Interessierte, die sich zuf\u00e4llig auf den wenigen Boulepl\u00e4tzen in Dachau getroffen haben und seither miteinander in geselliger Runde ihrem Hobby nachgehen. <\/p>\n\n\n\n<p>Im Mai 2023 sind wir dem TSV Dachau 1865 e.V. als Abteilung P\u00e9tanque beigetreten.  Hier steht uns eine gro\u00dfz\u00fcgige Fl\u00e4che in den Au\u00dfenanlagen an der Jahnstra\u00dfe zu Verf\u00fcgung, die wir entsprechend unseren Anforderungen gestalten und ausbauen. Durch eine leistungsstarke Flutlichtanlage k\u00f6nnen wir auch bei Nacht weiter spielen und im Winter steht uns einmal pro Woche eine Halle f\u00fcr Training zur Verf\u00fcgung.<\/p>\n\n\n\n<p>Zum Spielen treffen wir uns regelm\u00e4\u00dfig am Montag ab 18 Uhr und am Mittwoch ab 17.30 Uhr und flexibel je nach Wetterlage an allen Wochentagen auf dem Boulegel\u00e4nde von Dachau 65 an der Jahnstra\u00dfe.<\/p>\n\n\n\n<p>Wir freuen uns \u00fcber weitere Mitspielerinnen und Mitspieler. Anf\u00e4nger sind genauso willkommen wie Fortgeschrittene und K\u00f6nner, die unsere Mannschaften verst\u00e4rken m\u00f6chten.<\/p>\n<\/div><figure class=\"wp-block-media-text__media\"><img loading=\"lazy\" decoding=\"async\" width=\"768\" height=\"1024\" src=\"https:\/\/www.petanque-dachau.de\/wp-content\/uploads\/2021\/12\/202105271.jpeg\" alt=\"Petanque Platz im Park des Moorbad in Dachau Bayer Deutschland\" class=\"wp-image-13 size-full\" style=\"object-position:50% 50%\" srcset=\"https:\/\/www.petanque-dachau.de\/wp-content\/uploads\/2021\/12\/202105271.jpeg 768w, https:\/\/www.petanque-dachau.de\/wp-content\/uploads\/2021\/12\/202105271-225x300.jpeg 225w\" sizes=\"auto, (max-width: 768px) 100vw, 768px\" \/><\/figure><\/div>\n\n\n\n<div class=\"wp-block-media-text alignwide is-stacked-on-mobile\" style=\"grid-template-columns:38% auto\"><figure class=\"wp-block-media-text__media\"><img loading=\"lazy\" decoding=\"async\" width=\"1024\" height=\"768\" src=\"https:\/\/www.petanque-dachau.de\/wp-content\/uploads\/2024\/10\/20240921-151740848-threema-1024x768.jpg\" alt=\"\" class=\"wp-image-342 size-full\" srcset=\"https:\/\/www.petanque-dachau.de\/wp-content\/uploads\/2024\/10\/20240921-151740848-threema-1024x768.jpg 1024w, https:\/\/www.petanque-dachau.de\/wp-content\/uploads\/2024\/10\/20240921-151740848-threema-300x225.jpg 300w, https:\/\/www.petanque-dachau.de\/wp-content\/uploads\/2024\/10\/20240921-151740848-threema-768x576.jpg 768w, https:\/\/www.petanque-dachau.de\/wp-content\/uploads\/2024\/10\/20240921-151740848-threema.jpg 1533w\" sizes=\"auto, (max-width: 1024px) 100vw, 1024px\" \/><\/figure><div class=\"wp-block-media-text__content\">\n<h3 class=\"wp-block-heading\">Ligaspiele<\/h3>\n\n\n\n<p>Wir nehmen mit zwei weiblich\/m\u00e4nnlich gemischten Mannschaften an den Ligaspielen des Bayerischen Petanqueverbandes teil. Die erste Mannschaft spielt in der Bezirksoberliga.<\/p>\n\n\n\n<p>Im Jahr 2025 hat die 1. Mannschaft in der Bezirksoberliga den Aufstieg in die Landesliga knapp verpasst.<\/p>\n\n\n\n<p>Die 2. Mannschaft spielt in der Bezirksklasse.<\/p>\n\n\n\n<p>Ergebnisse &amp; Tabellen der Saison 2026 gibt es hier: <a href=\"https:\/\/www.petanque-bayern.de\/suedbayern.html\" target=\"_blank\" rel=\"noopener\">https:\/\/www.petanque-bayern.de\/suedbayern.html<\/a><\/p>\n<\/div><\/div>\n\n\n\n<div class=\"wp-block-media-text alignwide has-media-on-the-right is-stacked-on-mobile\" style=\"grid-template-columns:auto 39%\"><div class=\"wp-block-media-text__content\">\n<h3 class=\"wp-block-heading\">Bayernpokal<\/h3>\n\n\n\n<p>Im Bayernpokal versuchen wir mit den beiden Mannschaften &#8218;Roulette&#8216; und &#8218;Carambolage&#8216; m\u00f6glichst lange im Wettbewerb zu bleiben.<\/p>\n<\/div><figure class=\"wp-block-media-text__media\"><img loading=\"lazy\" decoding=\"async\" width=\"1024\" height=\"592\" src=\"https:\/\/www.petanque-dachau.de\/wp-content\/uploads\/2021\/12\/DSC04368-1-1024x592.jpg\" alt=\"Boule bei der SG Petanque Dachau\" class=\"wp-image-14 size-full\" srcset=\"https:\/\/www.petanque-dachau.de\/wp-content\/uploads\/2021\/12\/DSC04368-1-1024x592.jpg 1024w, https:\/\/www.petanque-dachau.de\/wp-content\/uploads\/2021\/12\/DSC04368-1-300x174.jpg 300w, https:\/\/www.petanque-dachau.de\/wp-content\/uploads\/2021\/12\/DSC04368-1-768x444.jpg 768w, https:\/\/www.petanque-dachau.de\/wp-content\/uploads\/2021\/12\/DSC04368-1-1536x889.jpg 1536w, https:\/\/www.petanque-dachau.de\/wp-content\/uploads\/2021\/12\/DSC04368-1-2048x1185.jpg 2048w, https:\/\/www.petanque-dachau.de\/wp-content\/uploads\/2021\/12\/DSC04368-1-1568x907.jpg 1568w\" sizes=\"auto, (max-width: 1024px) 100vw, 1024px\" \/><\/figure><\/div>\n\n\n\n<div class=\"wp-block-media-text alignwide is-stacked-on-mobile\" style=\"grid-template-columns:37% auto\"><figure class=\"wp-block-media-text__media\"><img loading=\"lazy\" decoding=\"async\" width=\"958\" height=\"719\" src=\"https:\/\/www.petanque-dachau.de\/wp-content\/uploads\/2024\/10\/20240922-122010215-threema.jpg\" alt=\"\" class=\"wp-image-329 size-full\" srcset=\"https:\/\/www.petanque-dachau.de\/wp-content\/uploads\/2024\/10\/20240922-122010215-threema.jpg 958w, https:\/\/www.petanque-dachau.de\/wp-content\/uploads\/2024\/10\/20240922-122010215-threema-300x225.jpg 300w, https:\/\/www.petanque-dachau.de\/wp-content\/uploads\/2024\/10\/20240922-122010215-threema-768x576.jpg 768w\" sizes=\"auto, (max-width: 958px) 100vw, 958px\" \/><\/figure><div class=\"wp-block-media-text__content\">\n<h3 class=\"wp-block-heading\">Freizeitturniere<\/h3>\n\n\n\n<p>In unterschiedlichsten Besetzungen nehmen wir an zahlreichen Freizeitturnieren teil. <\/p>\n\n\n\n<p>Im September veranstalten wir regelm\u00e4\u00dfig ein Turnier auf unserem P\u00e9tanque Gel\u00e4nde f\u00fcr bis zu 42 Teams aus ganz Bayern.<\/p>\n<\/div><\/div>\n\n\n\n<div class=\"wp-block-media-text alignwide has-media-on-the-right is-stacked-on-mobile\" style=\"grid-template-columns:auto 38%\"><div class=\"wp-block-media-text__content\">\n<h3 class=\"wp-block-heading\">Kontakt<\/h3>\n\n\n\n<p>Interessierte sind immer willkommen. Wir freuen uns \u00fcber neue Mitspielerinnen und Mitspieler unabh\u00e4ngig von der Spielst\u00e4rke. Bei gutem Wetter einfach Montags ab 18 Uhr oder Mittwochs ab 17.30 Uhr bei Dachau 65 an der Jahnstra\u00dfe vorbeischauen. Oder eine Mail schicken an <a href=\"65petanque@gmx.de\">65petanque@gmx.de<\/a> mit Angabe einer Telefonnummer f\u00fcr unseren R\u00fcckruf, damit wir Zeit und Ort des n\u00e4chsten Spiels mitteilen k\u00f6nnen.<\/p>\n\n\n\n<p>Aktuelle Aktivit\u00e4ten k\u00f6nnen auch auf Instagram verfolgt werden. <a href=\"https:\/\/www.instagram.com\/petanque_dachau_65\/\" target=\"_blank\" rel=\"noopener\">https:\/\/www.instagram.com\/petanque_dachau_65\/<\/a><\/p>\n<\/div><figure class=\"wp-block-media-text__media\"><img loading=\"lazy\" decoding=\"async\" width=\"1024\" height=\"768\" src=\"https:\/\/www.petanque-dachau.de\/wp-content\/uploads\/2023\/11\/20231030_181606b-1-1024x768.jpg\" alt=\"\" class=\"wp-image-293 size-full\" srcset=\"https:\/\/www.petanque-dachau.de\/wp-content\/uploads\/2023\/11\/20231030_181606b-1-1024x768.jpg 1024w, https:\/\/www.petanque-dachau.de\/wp-content\/uploads\/2023\/11\/20231030_181606b-1-300x225.jpg 300w, https:\/\/www.petanque-dachau.de\/wp-content\/uploads\/2023\/11\/20231030_181606b-1-768x576.jpg 768w, https:\/\/www.petanque-dachau.de\/wp-content\/uploads\/2023\/11\/20231030_181606b-1-1536x1152.jpg 1536w, https:\/\/www.petanque-dachau.de\/wp-content\/uploads\/2023\/11\/20231030_181606b-1-2048x1536.jpg 2048w\" sizes=\"auto, (max-width: 1024px) 100vw, 1024px\" \/><\/figure><\/div>\n","protected":false},"excerpt":{"rendered":"<p>Liebe Boule und P\u00e9tanque Freunde \u2013 Willkommen auf unserer Seite Die Spielgemeinschaft P\u00e9tanque in Dachau wurde im Jahr 2020 gegr\u00fcndet. Die Mitglieder sind Boule Interessierte, die sich zuf\u00e4llig auf den wenigen Boulepl\u00e4tzen in Dachau getroffen haben und seither miteinander in geselliger Runde ihrem Hobby nachgehen. Im Mai 2023 sind wir dem TSV Dachau 1865 e.V. &hellip;<\/p>\n","protected":false},"author":1,"featured_media":0,"parent":0,"menu_order":0,"comment_status":"closed","ping_status":"closed","template":"","meta":{"footnotes":""},"class_list":["post-61","page","type-page","status-publish","hentry"],"_links":{"self":[{"href":"https:\/\/www.petanque-dachau.de\/index.php?rest_route=\/wp\/v2\/pages\/61","targetHints":{"allow":["GET"]}}],"collection":[{"href":"https:\/\/www.petanque-dachau.de\/index.php?rest_route=\/wp\/v2\/pages"}],"about":[{"href":"https:\/\/www.petanque-dachau.de\/index.php?rest_route=\/wp\/v2\/types\/page"}],"author":[{"embeddable":true,"href":"https:\/\/www.petanque-dachau.de\/index.php?rest_route=\/wp\/v2\/users\/1"}],"replies":[{"embeddable":true,"href":"https:\/\/www.petanque-dachau.de\/index.php?rest_route=%2Fwp%2Fv2%2Fcomments&post=61"}],"version-history":[{"count":51,"href":"https:\/\/www.petanque-dachau.de\/index.php?rest_route=\/wp\/v2\/pages\/61\/revisions"}],"predecessor-version":[{"id":368,"href":"https:\/\/www.petanque-dachau.de\/index.php?rest_route=\/wp\/v2\/pages\/61\/revisions\/368"}],"wp:attachment":[{"href":"https:\/\/www.petanque-dachau.de\/index.php?rest_route=%2Fwp%2Fv2%2Fmedia&parent=61"}],"curies":[{"name":"wp","href":"https:\/\/api.w.org\/{rel}","templated":true}]}}