{"id":67,"date":"2021-12-29T12:15:04","date_gmt":"2021-12-29T11:15:04","guid":{"rendered":"https:\/\/www.petanque-dachau.de\/?page_id=67"},"modified":"2024-10-17T21:10:33","modified_gmt":"2024-10-17T19:10:33","slug":"kontakt-zur-sg-petanque-dachau","status":"publish","type":"page","link":"https:\/\/www.petanque-dachau.de\/?page_id=67","title":{"rendered":"Kontakt"},"content":{"rendered":"\n<div class=\"wp-block-media-text alignwide has-media-on-the-right is-stacked-on-mobile\" style=\"grid-template-columns:auto 40%\"><div class=\"wp-block-media-text__content\">\n<h2 class=\"wp-block-heading\">Kontakt<\/h2>\n\n\n\n<p>Interessierte sind immer willkommen. Wir freuen uns \u00fcber neue Mitspielerinnen und Mitspieler unabh\u00e4ngig von der Spielst\u00e4rke. Bei gutem Wetter einfach Montags ab 18 Uhr oder Mittwochs ab 17.30 Uhr beim TSV Dachau 1865 an der Jahnstra\u00dfe 23-25 vorbeischauen. Oder eine Mail schicken an <a href=\"65petanque@gmx.de\">65petanque@gmx.de<\/a> mit Angabe einer Telefonnummer f\u00fcr unseren R\u00fcckruf, damit wir Zeit und Ort des n\u00e4chsten Spiels mitteilen k\u00f6nnen.<\/p>\n\n\n\n<p>Aktuelle Aktivit\u00e4ten k\u00f6nnen auch bei Instagram verfolgt werden. <a href=\"https:\/\/www.instagram.com\/petanque_dachau_65\/\" target=\"_blank\" rel=\"noopener\">https:\/\/www.instagram.com\/petanque_dachau_65\/<\/a><\/p>\n<\/div><figure class=\"wp-block-media-text__media\"><img loading=\"lazy\" decoding=\"async\" width=\"1024\" height=\"768\" src=\"https:\/\/www.petanque-dachau.de\/wp-content\/uploads\/2024\/10\/20240921_115443-1024x768.jpg\" alt=\"\" class=\"wp-image-332 size-full\" srcset=\"https:\/\/www.petanque-dachau.de\/wp-content\/uploads\/2024\/10\/20240921_115443-1024x768.jpg 1024w, https:\/\/www.petanque-dachau.de\/wp-content\/uploads\/2024\/10\/20240921_115443-300x225.jpg 300w, https:\/\/www.petanque-dachau.de\/wp-content\/uploads\/2024\/10\/20240921_115443-768x576.jpg 768w, https:\/\/www.petanque-dachau.de\/wp-content\/uploads\/2024\/10\/20240921_115443-1536x1152.jpg 1536w, https:\/\/www.petanque-dachau.de\/wp-content\/uploads\/2024\/10\/20240921_115443-2048x1536.jpg 2048w\" sizes=\"auto, (max-width: 1024px) 100vw, 1024px\" \/><\/figure><\/div>\n\n\n\n<div class=\"wp-block-media-text alignwide is-stacked-on-mobile is-vertically-aligned-top\" style=\"grid-template-columns:49% auto\"><figure class=\"wp-block-media-text__media\"><img loading=\"lazy\" decoding=\"async\" width=\"1024\" height=\"741\" src=\"https:\/\/www.petanque-dachau.de\/wp-content\/uploads\/2023\/05\/Karte-1a-1024x741.jpg\" alt=\"\" class=\"wp-image-277 size-full\" srcset=\"https:\/\/www.petanque-dachau.de\/wp-content\/uploads\/2023\/05\/Karte-1a-1024x741.jpg 1024w, https:\/\/www.petanque-dachau.de\/wp-content\/uploads\/2023\/05\/Karte-1a-300x217.jpg 300w, https:\/\/www.petanque-dachau.de\/wp-content\/uploads\/2023\/05\/Karte-1a-768x556.jpg 768w, https:\/\/www.petanque-dachau.de\/wp-content\/uploads\/2023\/05\/Karte-1a.jpg 1343w\" sizes=\"auto, (max-width: 1024px) 100vw, 1024px\" \/><\/figure><div class=\"wp-block-media-text__content\">\n<h2 class=\"wp-block-heading\">Unser Bouleplatz<\/h2>\n\n\n\n<pre class=\"wp-block-verse has-regular-font-size\"><strong>TSV Dachau 1865<\/strong>\n<strong>Jahnstra\u00dfe 23-25<\/strong>\n<strong>85221 Dachau\n\n\n<\/strong>\nKarte von Open Street Map<\/pre>\n<\/div><\/div>\n\n\n\n<p><\/p>\n","protected":false},"excerpt":{"rendered":"<p>Kontakt Interessierte sind immer willkommen. Wir freuen uns \u00fcber neue Mitspielerinnen und Mitspieler unabh\u00e4ngig von der Spielst\u00e4rke. Bei gutem Wetter einfach Montags ab 18 Uhr oder Mittwochs ab 17.30 Uhr beim TSV Dachau 1865 an der Jahnstra\u00dfe 23-25 vorbeischauen. Oder eine Mail schicken an 65petanque@gmx.de mit Angabe einer Telefonnummer f\u00fcr unseren R\u00fcckruf, damit wir Zeit &hellip;<\/p>\n","protected":false},"author":1,"featured_media":0,"parent":61,"menu_order":3,"comment_status":"closed","ping_status":"closed","template":"","meta":{"footnotes":""},"class_list":["post-67","page","type-page","status-publish","hentry"],"_links":{"self":[{"href":"https:\/\/www.petanque-dachau.de\/index.php?rest_route=\/wp\/v2\/pages\/67","targetHints":{"allow":["GET"]}}],"collection":[{"href":"https:\/\/www.petanque-dachau.de\/index.php?rest_route=\/wp\/v2\/pages"}],"about":[{"href":"https:\/\/www.petanque-dachau.de\/index.php?rest_route=\/wp\/v2\/types\/page"}],"author":[{"embeddable":true,"href":"https:\/\/www.petanque-dachau.de\/index.php?rest_route=\/wp\/v2\/users\/1"}],"replies":[{"embeddable":true,"href":"https:\/\/www.petanque-dachau.de\/index.php?rest_route=%2Fwp%2Fv2%2Fcomments&post=67"}],"version-history":[{"count":23,"href":"https:\/\/www.petanque-dachau.de\/index.php?rest_route=\/wp\/v2\/pages\/67\/revisions"}],"predecessor-version":[{"id":333,"href":"https:\/\/www.petanque-dachau.de\/index.php?rest_route=\/wp\/v2\/pages\/67\/revisions\/333"}],"up":[{"embeddable":true,"href":"https:\/\/www.petanque-dachau.de\/index.php?rest_route=\/wp\/v2\/pages\/61"}],"wp:attachment":[{"href":"https:\/\/www.petanque-dachau.de\/index.php?rest_route=%2Fwp%2Fv2%2Fmedia&parent=67"}],"curies":[{"name":"wp","href":"https:\/\/api.w.org\/{rel}","templated":true}]}}